{"id":2485,"date":"2021-05-12T11:36:25","date_gmt":"2021-05-12T18:36:25","guid":{"rendered":"https:\/\/isc.vitalstemcells.com\/?page_id=2485"},"modified":"2024-10-24T17:40:41","modified_gmt":"2024-10-25T00:40:41","slug":"privacy-policy","status":"publish","type":"page","link":"https:\/\/isc.vitalstemcells.com\/mx\/politica-privacidad\/","title":{"rendered":"Pol\u00edtica de Privacidad"},"content":{"rendered":"<div class=\"vce-row-container\"><div class=\"vce-row vce-element--xl--has-background vce-element--lg--has-background vce-element--md--has-background vce-element--sm--has-background vce-element--xs--has-background vce-row--col-gap-100 vce-row-content--bottom\" data-vce-full-width=\"true\" id=\"el-2b7df319\" data-vce-do-apply=\"all el-2b7df319\"><div class=\"vce-content-background-container\"><div class=\"vce-asset-background-simple-container vce-visible-xl-only vce-asset-background-simple--style-cover vce-asset-background-simple--position-center-top\"><div class=\"vce-asset-background-simple\"><div class=\"vce-asset-background-simple-item\" style=\"background-image: url('https:\/\/isc.vitalstemcells.com\/wp-content\/uploads\/2020\/12\/Fondo-1er-row-homepage-Doctor.jpg');\"><\/div><\/div><\/div><div class=\"vce-asset-background-simple-container vce-visible-lg-only vce-asset-background-simple--style-cover vce-asset-background-simple--position-center-center\"><div class=\"vce-asset-background-simple\"><div class=\"vce-asset-background-simple-item\" style=\"background-image: url('https:\/\/isc.vitalstemcells.com\/wp-content\/uploads\/2020\/12\/Fondo-1er-row-homepage-Doctor.jpg');\"><\/div><\/div><\/div><div class=\"vce-asset-background-simple-container vce-visible-md-only vce-asset-background-simple--style-cover vce-asset-background-simple--position-center-center\"><div class=\"vce-asset-background-simple\"><div class=\"vce-asset-background-simple-item\" style=\"background-image: url('https:\/\/isc.vitalstemcells.com\/wp-content\/uploads\/2020\/12\/Fondo-1er-row-homepage-Doctor.jpg');\"><\/div><\/div><\/div><div class=\"vce-asset-background-simple-container vce-visible-sm-only vce-asset-background-simple--style-cover vce-asset-background-simple--position-center-center\"><div class=\"vce-asset-background-simple\"><div class=\"vce-asset-background-simple-item\" style=\"background-image: url('https:\/\/isc.vitalstemcells.com\/wp-content\/uploads\/2020\/12\/Fondo-1er-row-homepage-Doctor.jpg');\"><\/div><\/div><\/div><div class=\"vce-asset-background-simple-container vce-visible-xs-only vce-asset-background-simple--style-cover vce-asset-background-simple--position-left-center\"><div class=\"vce-asset-background-simple\"><div class=\"vce-asset-background-simple-item\" style=\"background-image: url('https:\/\/isc.vitalstemcells.com\/wp-content\/uploads\/2020\/12\/Fondo-1er-row-homepage-Doctor.jpg');\"><\/div><\/div><\/div><\/div><div class=\"vce-row-content\" data-vce-element-content=\"true\"><div class=\"vce-col vce-col--xs-100p vce-col--xs-visible vce-col--xs-last vce-col--xs-first vce-col--sm-100p vce-col--sm-visible vce-col--sm-last vce-col--sm-first vce-col--md-100p vce-col--md-visible vce-col--md-last vce-col--md-first vce-col--lg-45-12p vce-col--lg-visible vce-col--lg-last vce-col--lg-first vce-col--xl-45-12p vce-col--xl-visible vce-col--xl-last vce-col--xl-first\" id=\"el-0c4609ec\"><div class=\"vce-col-inner\" data-vce-do-apply=\"border margin background  el-0c4609ec\"><div class=\"vce-content-background-container\"><\/div><div class=\"vce-col-content\" data-vce-element-content=\"true\" data-vce-do-apply=\"padding el-0c4609ec\"><div class=\"vce-google-fonts-heading vce-google-fonts-heading--align-left vce-google-fonts-heading--color-b-26-38-202--45--5C00FF--FF7200 vce-google-fonts-heading--font-family-Quicksand\"><div id=\"el-f8bbf101\" class=\"vce-google-fonts-heading-wrapper\"><div class=\"vce-google-fonts-heading--background vce\" data-vce-do-apply=\"border background  padding margin el-f8bbf101\" data-vce-animate=\"vce-o-animate--slideInLeft\"><h2 class=\"vce-google-fonts-heading-inner translation-block\" style=\"font-size: 55px; line-height: 55px; font-weight: 500; font-style: normal;\">Pol\u00edtica de<span class=\"line-break\">Privacidad<\/span><\/h2><\/div><\/div><\/div><\/div><\/div><\/div><\/div><\/div><\/div><div class=\"vce-row-container\"><div class=\"vce-row vce-element--has-background vce-row--col-gap-30 vce-row-no-paddings vce-row-content--top\" data-vce-full-width=\"true\" data-vce-stretch-content=\"true\" id=\"el-e5395365\" data-vce-do-apply=\"all el-e5395365\"><div class=\"vce-content-background-container\"><div class=\"vce-asset-background-simple-container vce-visible-all-only vce-asset-background-simple--style-cover vce-asset-background-simple--position-center-top\"><div class=\"vce-asset-background-simple\"><div class=\"vce-asset-background-simple-item\" style=\"background-image: url('https:\/\/isc.vitalstemcells.com\/wp-content\/uploads\/2021\/01\/ISC-curve-arriba.png');\"><\/div><\/div><\/div><\/div><div class=\"vce-row-content\" data-vce-element-content=\"true\"><div class=\"vce-col vce-col--md-auto vce-col--xs-1 vce-col--xs-last vce-col--xs-first vce-col--sm-last vce-col--sm-first vce-col--md-last vce-col--lg-last vce-col--xl-last vce-col--md-first vce-col--lg-first vce-col--xl-first\" id=\"el-358d4016\"><div class=\"vce-col-inner\" data-vce-do-apply=\"border margin background  el-358d4016\"><div class=\"vce-content-background-container\"><\/div><div class=\"vce-col-content\" data-vce-element-content=\"true\" data-vce-do-apply=\"padding el-358d4016\"><div><\/div><\/div><\/div><\/div><\/div><\/div><\/div><div class=\"vce-row-container\"><div class=\"vce-row vce-row--col-gap-30 vce-row-content--top\" data-vce-full-width=\"true\" id=\"el-acd205cd\" data-vce-do-apply=\"all el-acd205cd\"><div class=\"vce-content-background-container\"><\/div><div class=\"vce-row-content\" data-vce-element-content=\"true\"><div class=\"vce-col vce-col--md-auto vce-col--xs-1 vce-col--xs-last vce-col--xs-first vce-col--sm-last vce-col--sm-first vce-col--md-last vce-col--lg-last vce-col--xl-last vce-col--md-first vce-col--lg-first vce-col--xl-first\" id=\"el-61d4d71e\"><div class=\"vce-col-inner\" data-vce-do-apply=\"border margin background  el-61d4d71e\"><div class=\"vce-col-content\" data-vce-element-content=\"true\" data-vce-do-apply=\"padding el-61d4d71e\"><div class=\"vce-text-block\"><div class=\"vce-text-block-wrapper vce\" id=\"el-e070fb16\" data-vce-do-apply=\"all el-e070fb16\"><p>At Vital Stem Cells, accessible from vitalstemcells.com, one of our main priorities is the privacy of our visitors. This Privacy Policy document contains types of information that is collected and recorded by Vital Stem Cells and how we use it.<\/p><p>Si tiene m\u00e1s preguntas o necesita m\u00e1s informaci\u00f3n sobre nuestra pol\u00edtica de privacidad, no dude en ponerse en contacto con nosotros.<\/p><p>This Privacy Policy applies only to our online activities and is valid for visitors to our website with regards to the information that they shared and\/or collect in Vital Stem Cells. This policy is not applicable to any information collected offline or via channels other than this website.<\/p><h2>&nbsp;<\/h2><h2>Consentimiento<\/h2><p>Al utilizar nuestro sitio web, usted acepta nuestra Pol\u00edtica de Privacidad y est\u00e1 de acuerdo con sus t\u00e9rminos.<\/p><p>&nbsp;<\/p><h2>Informaci\u00f3n que recopilamos<\/h2><p>La informaci\u00f3n personal que se le pide, y las razones por las que se le pide que la proporcione, se le aclarar\u00e1n en el momento en que le pidamos que proporcione su informaci\u00f3n personal.<\/p><p>Si se pone en contacto con nosotros directamente, es posible que recibamos informaci\u00f3n adicional sobre usted, como su nombre, su direcci\u00f3n de correo electr\u00f3nico, su n\u00famero de tel\u00e9fono, el contenido del mensaje y\/o los archivos adjuntos que nos env\u00ede, y cualquier otra informaci\u00f3n que decida proporcionar.<\/p><p>Cuando se registre en una cuenta, es posible que le pidamos su informaci\u00f3n de contacto, incluyendo elementos como el nombre, el nombre de la empresa, la direcci\u00f3n, la direcci\u00f3n de correo electr\u00f3nico y el n\u00famero de tel\u00e9fono.<\/p><p>&nbsp;<\/p><h2>C\u00f3mo utilizamos su informaci\u00f3n<\/h2><p>Utilizamos la informaci\u00f3n que recopilamos de varias maneras, entre ellas:<\/p><ul><li>Facilitar, operar y mantener nuestro sitio web<\/li><li>Mejorar, personalizar y ampliar nuestro sitio web<\/li><li>Comprender y analizar c\u00f3mo utiliza nuestro sitio web<\/li><li>Desarrollar nuevos productos, servicios, caracter\u00edsticas y funcionalidades<\/li><li>Comunicarnos con usted, ya sea directamente o a trav\u00e9s de uno de nuestros socios, incluso para el servicio de atenci\u00f3n al cliente, para proporcionarle actualizaciones y otra informaci\u00f3n relacionada con el sitio web, y para fines de marketing y promoci\u00f3n<\/li><li>Enviarle correos electr\u00f3nicos<\/li><li>Encontrar y prevenir el fraude<\/li><\/ul><h2>&nbsp;<\/h2><h2>Archivos de registro<\/h2><p>Vital Stem Cells follows a standard procedure of using log files. These files log visitors when they visit websites. All hosting companies do this and a part of hosting services' analytics. The information collected by log files include internet protocol (IP) addresses, browser type, Internet Service Provider (ISP), date and time stamp, referring\/exit pages, and possibly the number of clicks. These are not linked to any information that is personally identifiable. The purpose of the information is for analyzing trends, administering the site, tracking users' movement on the website, and gathering demographic information.<\/p><h2>&nbsp;<\/h2><h2>Cookies y Web Beacons<\/h2><p>Like any other website, Vital Stem Cells uses 'cookies'. These cookies are used to store information including visitors' preferences, and the pages on the website that the visitor accessed or visited. The information is used to optimize the users' experience by customizing our web page content based on visitors' browser type and\/or other information.<\/p><p>Para obtener m\u00e1s informaci\u00f3n general sobre las cookies, lea <a href=\"https:\/\/www.privacypolicyonline.com\/what-are-cookies\/\">\"What Are Cookies\" from Cookie Consent<\/a>.<\/p><h2>&nbsp;<\/h2><h2>Pol\u00edticas de privacidad de los socios publicitarios<\/h2><p>You may consult this list to find the Privacy Policy for each of the advertising partners of Vital Stem Cells.<\/p><p>Third-party ad servers or ad networks uses technologies like cookies, JavaScript, or Web Beacons that are used in their respective advertisements and links that appear on Vital Stem Cells, which are sent directly to users' browser. They automatically receive your IP address when this occurs. These technologies are used to measure the effectiveness of their advertising campaigns and\/or to personalize the advertising content that you see on websites that you visit.<\/p><p>Note that Vital Stem Cells has no access to or control over these cookies that are used by third-party advertisers.<\/p><h2>&nbsp;<\/h2><h2>Pol\u00edticas de privacidad de terceros<\/h2><p>Vital Stem Cells's Privacy Policy does not apply to other advertisers or websites. Thus, we are advising you to consult the respective Privacy Policies of these third-party ad servers for more detailed information. It may include their practices and instructions about how to opt-out of certain options.<\/p><p>Puede elegir desactivar las cookies a trav\u00e9s de las opciones de su navegador individual. Para conocer informaci\u00f3n m\u00e1s detallada sobre la gesti\u00f3n de las cookies con navegadores web espec\u00edficos, se puede encontrar en los sitios web respectivos de los navegadores.<\/p><h2>&nbsp;<\/h2><h2>Derechos de privacidad de la CCPA (No vender mi informaci\u00f3n personal)<\/h2><p>Seg\u00fan la CCPA, entre otros derechos, los consumidores de California tienen derecho a:<\/p><p>Solicitar que una empresa que recoge datos personales de un consumidor revele las categor\u00edas y los datos personales espec\u00edficos que ha recogido sobre los consumidores.<\/p><p>Solicitar que una empresa elimine cualquier dato personal sobre el consumidor que haya recogido.<\/p><p>Solicitar que una empresa que vende los datos personales de un consumidor, no venda los datos personales del consumidor.<\/p><p>Si hace una solicitud, tenemos un mes para responderle. Si desea ejercer alguno de estos derechos, p\u00f3ngase en contacto con nosotros.<\/p><h2>&nbsp;<\/h2><h2>Derechos de protecci\u00f3n de datos del GDPR<\/h2><p>Queremos asegurarnos de que conoce todos sus derechos en materia de protecci\u00f3n de datos. Todo usuario tiene derecho a lo siguiente:<\/p><p>Derecho de acceso - Tiene derecho a solicitar copias de sus datos personales. Es posible que le cobremos una peque\u00f1a cuota por este servicio.<\/p><p>Derecho de rectificaci\u00f3n - Tiene derecho a solicitar que corrijamos cualquier informaci\u00f3n que considere inexacta. Tambi\u00e9n tiene derecho a solicitar que completemos la informaci\u00f3n que cree que est\u00e1 incompleta.<\/p><p>Derecho de supresi\u00f3n - Tiene derecho a solicitar que borremos sus datos personales, bajo ciertas condiciones.<\/p><p>Derecho a restringir el tratamiento: tiene derecho a solicitar que se restrinja el tratamiento de sus datos personales, en determinadas condiciones.<\/p><p>Derecho a oponerse al procesamiento - Usted tiene derecho a oponerse al procesamiento de sus datos personales, bajo ciertas condiciones.<\/p><p>Derecho a la portabilidad de los datos - Tiene derecho a solicitar que transfiramos los datos que hemos recogido a otra organizaci\u00f3n, o directamente a usted, en determinadas condiciones.<\/p><p>Si hace una solicitud, tenemos un mes para responderle. Si desea ejercer alguno de estos derechos, p\u00f3ngase en contacto con nosotros.<\/p><\/div><\/div><\/div><\/div><\/div><\/div><\/div><\/div>","protected":false},"excerpt":{"rendered":"<p>PrivacyPolicyAt Vital Stem Cells, accessible from vitalstemcells.com, one of our main priorities is the privacy of our visitors. This Privacy Policy document contains types of information that is collected and recorded by Vital Stem Cells and how we use it.If you have additional questions or require more information about our Privacy Policy, do not hesitate [&hellip;]<\/p>","protected":false},"author":1,"featured_media":1467,"parent":0,"menu_order":0,"comment_status":"closed","ping_status":"closed","template":"","meta":[],"acf":[],"yoast_head":"<!-- This site is optimized with the Yoast SEO plugin v20.9 - https:\/\/yoast.com\/wordpress\/plugins\/seo\/ -->\n<title>Integrative Surgery Center<\/title>\n<meta name=\"description\" content=\"Surgical procedures with Medical Specialists that include natural treatments to stimulate and strengthen the immune system.\" \/>\n<meta name=\"robots\" content=\"index, follow, max-snippet:-1, max-image-preview:large, max-video-preview:-1\" \/>\n<link rel=\"canonical\" href=\"https:\/\/isc.vitalstemcells.com\/mx\/politica-privacidad\/\" \/>\n<meta property=\"og:locale\" content=\"es_MX\" \/>\n<meta property=\"og:type\" content=\"article\" \/>\n<meta property=\"og:title\" content=\"Integrative Surgery Center\" \/>\n<meta property=\"og:description\" content=\"Surgical procedures with Medical Specialists that include natural treatments to stimulate and strengthen the immune system.\" \/>\n<meta property=\"og:url\" content=\"https:\/\/isc.vitalstemcells.com\/mx\/politica-privacidad\/\" \/>\n<meta property=\"og:site_name\" content=\"ISC\" \/>\n<meta property=\"article:modified_time\" content=\"2024-10-25T00:40:41+00:00\" \/>\n<meta property=\"og:image\" content=\"https:\/\/isc.vitalstemcells.com\/wp-content\/uploads\/2020\/12\/Fondo-1er-row-homepage-Doctor.jpg\" \/>\n\t<meta property=\"og:image:width\" content=\"1740\" \/>\n\t<meta property=\"og:image:height\" content=\"795\" \/>\n\t<meta property=\"og:image:type\" content=\"image\/jpeg\" \/>\n<meta name=\"twitter:card\" content=\"summary_large_image\" \/>\n<meta name=\"twitter:label1\" content=\"Tiempo de lectura\" \/>\n\t<meta name=\"twitter:data1\" content=\"5 minutos\" \/>\n<script type=\"application\/ld+json\" class=\"yoast-schema-graph\">{\"@context\":\"https:\/\/schema.org\",\"@graph\":[{\"@type\":\"WebPage\",\"@id\":\"https:\/\/isc.vitalstemcells.com\/en\/privacy-policy\/\",\"url\":\"https:\/\/isc.vitalstemcells.com\/en\/privacy-policy\/\",\"name\":\"Integrative Surgery Center\",\"isPartOf\":{\"@id\":\"https:\/\/isc.vitalstemcells.com\/en\/#website\"},\"datePublished\":\"2021-05-12T18:36:25+00:00\",\"dateModified\":\"2024-10-25T00:40:41+00:00\",\"description\":\"Surgical procedures with Medical Specialists that include natural treatments to stimulate and strengthen the immune system.\",\"breadcrumb\":{\"@id\":\"https:\/\/isc.vitalstemcells.com\/en\/privacy-policy\/#breadcrumb\"},\"inLanguage\":\"es-MX\",\"potentialAction\":[{\"@type\":\"ReadAction\",\"target\":[\"https:\/\/isc.vitalstemcells.com\/en\/privacy-policy\/\"]}]},{\"@type\":\"BreadcrumbList\",\"@id\":\"https:\/\/isc.vitalstemcells.com\/en\/privacy-policy\/#breadcrumb\",\"itemListElement\":[{\"@type\":\"ListItem\",\"position\":1,\"name\":\"Home\",\"item\":\"https:\/\/isc.vitalstemcells.com\/en\/\"},{\"@type\":\"ListItem\",\"position\":2,\"name\":\"Privacy Policy\"}]},{\"@type\":\"WebSite\",\"@id\":\"https:\/\/isc.vitalstemcells.com\/en\/#website\",\"url\":\"https:\/\/isc.vitalstemcells.com\/en\/\",\"name\":\"ISC\",\"description\":\"Integrative Surgery Center\",\"publisher\":{\"@id\":\"https:\/\/isc.vitalstemcells.com\/en\/#organization\"},\"potentialAction\":[{\"@type\":\"SearchAction\",\"target\":{\"@type\":\"EntryPoint\",\"urlTemplate\":\"https:\/\/isc.vitalstemcells.com\/en\/?s={search_term_string}\"},\"query-input\":\"required name=search_term_string\"}],\"inLanguage\":\"es-MX\"},{\"@type\":\"Organization\",\"@id\":\"https:\/\/isc.vitalstemcells.com\/en\/#organization\",\"name\":\"Integrative Surgery Center\",\"url\":\"https:\/\/isc.vitalstemcells.com\/en\/\",\"logo\":{\"@type\":\"ImageObject\",\"inLanguage\":\"es-MX\",\"@id\":\"https:\/\/isc.vitalstemcells.com\/en\/#\/schema\/logo\/image\/\",\"url\":\"https:\/\/isc.vitalstemcells.com\/wp-content\/uploads\/2020\/08\/Logo-ISC-vectores.svg\",\"contentUrl\":\"https:\/\/isc.vitalstemcells.com\/wp-content\/uploads\/2020\/08\/Logo-ISC-vectores.svg\",\"width\":600,\"height\":534,\"caption\":\"Integrative Surgery Center\"},\"image\":{\"@id\":\"https:\/\/isc.vitalstemcells.com\/en\/#\/schema\/logo\/image\/\"}}]}<\/script>\n<!-- \/ Yoast SEO plugin. -->","yoast_head_json":{"title":"Integrative Surgery Center","description":"Surgical procedures with Medical Specialists that include natural treatments to stimulate and strengthen the immune system.","robots":{"index":"index","follow":"follow","max-snippet":"max-snippet:-1","max-image-preview":"max-image-preview:large","max-video-preview":"max-video-preview:-1"},"canonical":"https:\/\/isc.vitalstemcells.com\/mx\/politica-privacidad\/","og_locale":"es_MX","og_type":"article","og_title":"Integrative Surgery Center","og_description":"Surgical procedures with Medical Specialists that include natural treatments to stimulate and strengthen the immune system.","og_url":"https:\/\/isc.vitalstemcells.com\/mx\/politica-privacidad\/","og_site_name":"ISC","article_modified_time":"2024-10-25T00:40:41+00:00","og_image":[{"width":1740,"height":795,"url":"https:\/\/isc.vitalstemcells.com\/wp-content\/uploads\/2020\/12\/Fondo-1er-row-homepage-Doctor.jpg","type":"image\/jpeg"}],"twitter_card":"summary_large_image","twitter_misc":{"Tiempo de lectura":"5 minutos"},"schema":{"@context":"https:\/\/schema.org","@graph":[{"@type":"WebPage","@id":"https:\/\/isc.vitalstemcells.com\/en\/privacy-policy\/","url":"https:\/\/isc.vitalstemcells.com\/en\/privacy-policy\/","name":"Integrative Surgery Center","isPartOf":{"@id":"https:\/\/isc.vitalstemcells.com\/en\/#website"},"datePublished":"2021-05-12T18:36:25+00:00","dateModified":"2024-10-25T00:40:41+00:00","description":"Surgical procedures with Medical Specialists that include natural treatments to stimulate and strengthen the immune system.","breadcrumb":{"@id":"https:\/\/isc.vitalstemcells.com\/en\/privacy-policy\/#breadcrumb"},"inLanguage":"es-MX","potentialAction":[{"@type":"ReadAction","target":["https:\/\/isc.vitalstemcells.com\/en\/privacy-policy\/"]}]},{"@type":"BreadcrumbList","@id":"https:\/\/isc.vitalstemcells.com\/en\/privacy-policy\/#breadcrumb","itemListElement":[{"@type":"ListItem","position":1,"name":"Home","item":"https:\/\/isc.vitalstemcells.com\/en\/"},{"@type":"ListItem","position":2,"name":"Privacy Policy"}]},{"@type":"WebSite","@id":"https:\/\/isc.vitalstemcells.com\/en\/#website","url":"https:\/\/isc.vitalstemcells.com\/en\/","name":"ISC","description":"Integrative Surgery Center","publisher":{"@id":"https:\/\/isc.vitalstemcells.com\/en\/#organization"},"potentialAction":[{"@type":"SearchAction","target":{"@type":"EntryPoint","urlTemplate":"https:\/\/isc.vitalstemcells.com\/en\/?s={search_term_string}"},"query-input":"required name=search_term_string"}],"inLanguage":"es-MX"},{"@type":"Organization","@id":"https:\/\/isc.vitalstemcells.com\/en\/#organization","name":"Integrative Surgery Center","url":"https:\/\/isc.vitalstemcells.com\/en\/","logo":{"@type":"ImageObject","inLanguage":"es-MX","@id":"https:\/\/isc.vitalstemcells.com\/en\/#\/schema\/logo\/image\/","url":"https:\/\/isc.vitalstemcells.com\/wp-content\/uploads\/2020\/08\/Logo-ISC-vectores.svg","contentUrl":"https:\/\/isc.vitalstemcells.com\/wp-content\/uploads\/2020\/08\/Logo-ISC-vectores.svg","width":600,"height":534,"caption":"Integrative Surgery Center"},"image":{"@id":"https:\/\/isc.vitalstemcells.com\/en\/#\/schema\/logo\/image\/"}}]}},"_links":{"self":[{"href":"https:\/\/isc.vitalstemcells.com\/mx\/wp-json\/wp\/v2\/pages\/2485"}],"collection":[{"href":"https:\/\/isc.vitalstemcells.com\/mx\/wp-json\/wp\/v2\/pages"}],"about":[{"href":"https:\/\/isc.vitalstemcells.com\/mx\/wp-json\/wp\/v2\/types\/page"}],"author":[{"embeddable":true,"href":"https:\/\/isc.vitalstemcells.com\/mx\/wp-json\/wp\/v2\/users\/1"}],"replies":[{"embeddable":true,"href":"https:\/\/isc.vitalstemcells.com\/mx\/wp-json\/wp\/v2\/comments?post=2485"}],"version-history":[{"count":5,"href":"https:\/\/isc.vitalstemcells.com\/mx\/wp-json\/wp\/v2\/pages\/2485\/revisions"}],"predecessor-version":[{"id":2634,"href":"https:\/\/isc.vitalstemcells.com\/mx\/wp-json\/wp\/v2\/pages\/2485\/revisions\/2634"}],"wp:featuredmedia":[{"embeddable":true,"href":"https:\/\/isc.vitalstemcells.com\/mx\/wp-json\/wp\/v2\/media\/1467"}],"wp:attachment":[{"href":"https:\/\/isc.vitalstemcells.com\/mx\/wp-json\/wp\/v2\/media?parent=2485"}],"curies":[{"name":"wp","href":"https:\/\/api.w.org\/{rel}","templated":true}]}}